{"id":714,"date":"2022-04-01T00:37:32","date_gmt":"2022-04-01T03:37:32","guid":{"rendered":"https:\/\/mobissom.com.br\/clarius\/?page_id=714"},"modified":"2022-04-01T05:07:11","modified_gmt":"2022-04-01T08:07:11","slug":"contato","status":"publish","type":"page","link":"https:\/\/mobissom.com.br\/clarius\/contato\/","title":{"rendered":"Contato"},"content":{"rendered":"<section class=\"sh-section sh-section-614e07eef2d37a9ba4e42d62d5fa4264 fw-main-row sh-section-visibility-desktop\">\r\n\t\r\n\t\r\n\t<div class=\"sh-section-container container-fluid\">\r\n\t\t<div class=\"fw-row\">\n\t\r\n<div class=\"sh-column sh-column-002ab47705a55363b36da2c97771bcd1 fw-col-xs-12 fw-col-sm-6\" >\r\n\r\n\t\r\n\t<div class=\"sh-column-wrapper\">\r\n\t\t\r\n<div class=\"sh-empty-space\" id=\"empty-space-66cd169afe36b56057737d56fc858db4\"><\/div>\r\n\r\n<div class=\"sh-heading  \" id=\"heading-3265e0562bb6efb6fcf9861f69354811\">\r\n\t<div class=\"sh-element-margin\">\r\n\r\n\t\t\r\n\t\t\t<h1 class=\"sh-heading-content size-xxl text-left\">\r\n\t\t\t\tSolicite um Or\u00e7amento\t\t\t<\/h1>\r\n\r\n\t\t\r\n\t<\/div>\r\n<\/div>\r\n\r\n<div id=\"text-block-6be9e7bb1d5d616860a17e00e4ebbce9\" class=\"sh-text-block\">\r\n\t<p style=\"text-align: left;\"><span style=\"font-size: 16px; color: #ffffff;\">Preencha o formul\u00e1rio para receber a apresenta\u00e7\u00e3o de nossos equipamentos bem como tirar todas as suas d\u00favidas.<\/span><\/p><\/div>\r\n\t<\/div>\r\n\r\n\r\n\t\t\r\n\r\n<\/div>\r\n\r\n<div class=\"sh-column sh-column-db54247be093ff99419f13bc74963a58 fw-col-xs-12 fw-col-sm-6\" >\r\n\r\n\t\r\n\t<div class=\"sh-column-wrapper\">\r\n\t\t\r\n<div class=\"sh-heading  \" id=\"heading-e4e79e9e33a8d99dbe08c1b4404185c9\">\r\n\t<div class=\"sh-element-margin\">\r\n\r\n\t\t\r\n\t\t\t<h3 class=\"sh-heading-content size-l text-center\">\r\n\t\t\t\tSolicite um Or\u00e7amento\t\t\t<\/h3>\r\n\r\n\t\t\r\n\t<\/div>\r\n<\/div>\r\n\r\n<div id=\"cf7-9\" class=\"sh-cf7 sh-cf7-unyson sh-cf7-style1\">\r\n    \n<div class=\"wpcf7 no-js\" id=\"wpcf7-f9-o1\" lang=\"pt-BR\" dir=\"ltr\" data-wpcf7-id=\"9\">\n<div class=\"screen-reader-response\"><p role=\"status\" aria-live=\"polite\" aria-atomic=\"true\"><\/p> <ul><\/ul><\/div>\n<form action=\"\/clarius\/wp-json\/wp\/v2\/pages\/714#wpcf7-f9-o1\" method=\"post\" class=\"wpcf7-form init\" aria-label=\"Formul\u00e1rios de contato\" novalidate=\"novalidate\" data-status=\"init\">\n<fieldset class=\"hidden-fields-container\"><input type=\"hidden\" name=\"_wpcf7\" value=\"9\" \/><input type=\"hidden\" name=\"_wpcf7_version\" value=\"6.1.4\" \/><input type=\"hidden\" name=\"_wpcf7_locale\" value=\"pt_BR\" \/><input type=\"hidden\" name=\"_wpcf7_unit_tag\" value=\"wpcf7-f9-o1\" \/><input type=\"hidden\" name=\"_wpcf7_container_post\" value=\"0\" \/><input type=\"hidden\" name=\"_wpcf7_posted_data_hash\" value=\"\" \/>\n<\/fieldset>\n<div class=\"sh-cf7-body\"><div id=\"responsive-form\" class=\"clearfix\">\n\t<div class=\"form-row\">\n\t\t<div class=\"column-half\">\n\t\t\t<h4><b>Nome*<\/b>\n\t\t\t<\/h4>\n\t\t\t<p><span class=\"wpcf7-form-control-wrap\" data-name=\"your-name\"><input size=\"40\" maxlength=\"400\" class=\"wpcf7-form-control wpcf7-text wpcf7-validates-as-required\" aria-required=\"true\" aria-invalid=\"false\" value=\"\" type=\"text\" name=\"your-name\" \/><\/span>\n\t\t\t<\/p>\n\t\t<\/div>\n\t\t<div class=\"column-half\">\n\t\t\t<h4><b>E-mail*<\/b>\n\t\t\t<\/h4>\n\t\t\t<p><span class=\"wpcf7-form-control-wrap\" data-name=\"your-email\"><input size=\"40\" maxlength=\"400\" class=\"wpcf7-form-control wpcf7-email wpcf7-validates-as-required wpcf7-text wpcf7-validates-as-email\" aria-required=\"true\" aria-invalid=\"false\" value=\"\" type=\"email\" name=\"your-email\" \/><\/span>\n\t\t\t<\/p>\n\t\t<\/div>\n\t<\/div>\n\t<div class=\"form-row\">\n\t\t<div class=\"column-half\">\n\t\t\t<h4><b>Cidade\/Estado*<\/b>\n\t\t\t<\/h4>\n\t\t\t<p><span class=\"wpcf7-form-control-wrap\" data-name=\"cidade\"><input size=\"40\" maxlength=\"400\" class=\"wpcf7-form-control wpcf7-text wpcf7-validates-as-required\" aria-required=\"true\" aria-invalid=\"false\" value=\"\" type=\"text\" name=\"cidade\" \/><\/span>\n\t\t\t<\/p>\n\t\t<\/div>\n\t\t<div class=\"column-half\">\n\t\t\t<h4><b>WhatsApp*<\/b>\n\t\t\t<\/h4>\n\t\t\t<p><span class=\"wpcf7-form-control-wrap\" data-name=\"Mobile\"><input size=\"40\" maxlength=\"400\" class=\"wpcf7-form-control wpcf7-text wpcf7-validates-as-required\" aria-required=\"true\" aria-invalid=\"false\" value=\"\" type=\"text\" name=\"Mobile\" \/><\/span>\n\t\t\t<\/p>\n\t\t<\/div>\n\t<\/div>\n\t<div class=\"form-row\">\n\t\t<div class=\"column-full\">\n\t\t\t<h4><b>Especializa\u00e7\u00e3o M\u00e9dica*<\/b>\n\t\t\t<\/h4>\n\t\t\t<p><span class=\"wpcf7-form-control-wrap\" data-name=\"especialidade\"><input size=\"40\" maxlength=\"400\" class=\"wpcf7-form-control wpcf7-text wpcf7-validates-as-required\" aria-required=\"true\" aria-invalid=\"false\" value=\"\" type=\"text\" name=\"especialidade\" \/><\/span>\n\t\t\t<\/p>\n\t\t<\/div>\n\t<\/div>\n\t<div class=\"form-row\">\n\t\t<div class=\"column-full\">\n\t\t\t<h4><b>Mensagem<\/b>\n\t\t\t<\/h4>\n\t\t\t<p><span class=\"wpcf7-form-control-wrap\" data-name=\"your-message\"><textarea cols=\"40\" rows=\"10\" maxlength=\"2000\" class=\"wpcf7-form-control wpcf7-textarea\" aria-invalid=\"false\" name=\"your-message\"><\/textarea><\/span>\n\t\t\t<\/p>\n\t\t<\/div>\n\t<\/div>\n\t<p><input type=\"hidden\" name=\"utm_campaign\" value=\"\" \/>\n\t<\/p>\n\t<p><input type=\"hidden\" name=\"utm_source\" value=\"\" \/>\n\t<\/p>\n\t<p><input type=\"hidden\" name=\"utm_medium\" value=\"\" \/>\n\t<\/p>\n\t<p><input type=\"hidden\" name=\"utm_term\" value=\"\" \/>\n\t<\/p>\n\t<p><input type=\"hidden\" name=\"utm_content\" value=\"\" \/>\n\t<\/p>\n\t<p><input type=\"hidden\" name=\"gclid\" value=\"\" \/>\n\t<\/p>\n<input class=\"wpcf7-form-control wpcf7-hidden\" value=\"\" type=\"hidden\" name=\"user_agent\" \/>\n\t<div class=\"form-row\">\n\t\t<div class=\"column-full\">\n\t\t\t<p><input class=\"wpcf7-form-control wpcf7-submit has-spinner\" type=\"submit\" value=\"Enviar Mensagem\" \/>\n\t\t\t<\/p>\n\t\t<\/div>\n\t<\/div>\n\t<p><span id=\"wpcf7-69f73565744d7-wrapper\" class=\"wpcf7-form-control-wrap remspamteste-763-wrap\" style=\"display:none !important; visibility:hidden !important;\"><label for=\"wpcf7-69f73565744d7-field\" class=\"hp-message\">Please leave this field empty.<\/label><input id=\"wpcf7-69f73565744d7-field\"  class=\"wpcf7-form-control wpcf7-text\" type=\"text\" name=\"remspamteste-763\" value=\"\" size=\"40\" tabindex=\"-1\" autocomplete=\"new-password\" \/><\/span>\n\t<\/p>\n<\/div><!--end responsive-form--><\/div><div class=\"wpcf7-response-output\" aria-hidden=\"true\"><\/div>\n<\/form>\n<\/div>\n<\/div>\r\n\t<\/div>\r\n\r\n\r\n\t\t\r\n\r\n<\/div>\r\n<\/div>\n\n\t<\/div>\r\n<\/section>\r\n\r\n<section class=\"sh-section sh-section-e3ae720f355f827311222af03202ceab fw-main-row sh-section-visibility-mobile\">\r\n\t\r\n\t\r\n\t<div class=\"sh-section-container container-fluid\">\r\n\t\t<div class=\"fw-row\">\n\t\r\n<div class=\"sh-column sh-column-a24ec5e6dd7ac0377dbb7922230880fd fw-col-xs-12 fw-col-sm-6\" >\r\n\r\n\t\r\n\t<div class=\"sh-column-wrapper\">\r\n\t\t\r\n<div class=\"sh-empty-space\" id=\"empty-space-63aef5d057c0fe60a84fb33a8bca4c41\"><\/div>\r\n\r\n<div class=\"sh-heading  \" id=\"heading-a13173414e54929eead1a11f005db737\">\r\n\t<div class=\"sh-element-margin\">\r\n\r\n\t\t\r\n\t\t\t<h2 class=\"sh-heading-content size-xxl text-center\">\r\n\t\t\t\tSolicite um Or\u00e7amento\t\t\t<\/h2>\r\n\r\n\t\t\r\n\t<\/div>\r\n<\/div>\r\n\r\n<div id=\"text-block-c2373a71c396a5f7fdd7fde5e675c6df\" class=\"sh-text-block\">\r\n\t<p style=\"text-align: justify;\"><span style=\"font-size: 16px; color: #ffffff;\">Preencha o formul\u00e1rio para receber a apresenta\u00e7\u00e3o de nossos equipamentos bem como tirar todas as suas d\u00favidas.<\/span><\/p><\/div>\r\n\t<\/div>\r\n\r\n\r\n\t\t\r\n\r\n<\/div>\r\n\r\n<div class=\"sh-column sh-column-ebf2d4f4185f4f7a1047d22ae0ff3b53 fw-col-xs-12 fw-col-sm-6\" >\r\n\r\n\t\r\n\t<div class=\"sh-column-wrapper\">\r\n\t\t\r\n<div id=\"cf7-9\" class=\"sh-cf7 sh-cf7-unyson sh-cf7-style1\">\r\n    \n<div class=\"wpcf7 no-js\" id=\"wpcf7-f9-o2\" lang=\"pt-BR\" dir=\"ltr\" data-wpcf7-id=\"9\">\n<div class=\"screen-reader-response\"><p role=\"status\" aria-live=\"polite\" aria-atomic=\"true\"><\/p> <ul><\/ul><\/div>\n<form action=\"\/clarius\/wp-json\/wp\/v2\/pages\/714#wpcf7-f9-o2\" method=\"post\" class=\"wpcf7-form init\" aria-label=\"Formul\u00e1rios de contato\" novalidate=\"novalidate\" data-status=\"init\">\n<fieldset class=\"hidden-fields-container\"><input type=\"hidden\" name=\"_wpcf7\" value=\"9\" \/><input type=\"hidden\" name=\"_wpcf7_version\" value=\"6.1.4\" \/><input type=\"hidden\" name=\"_wpcf7_locale\" value=\"pt_BR\" \/><input type=\"hidden\" name=\"_wpcf7_unit_tag\" value=\"wpcf7-f9-o2\" \/><input type=\"hidden\" name=\"_wpcf7_container_post\" value=\"0\" \/><input type=\"hidden\" name=\"_wpcf7_posted_data_hash\" value=\"\" \/>\n<\/fieldset>\n<div class=\"sh-cf7-body\"><div id=\"responsive-form\" class=\"clearfix\">\n\t<div class=\"form-row\">\n\t\t<div class=\"column-half\">\n\t\t\t<h4><b>Nome*<\/b>\n\t\t\t<\/h4>\n\t\t\t<p><span class=\"wpcf7-form-control-wrap\" data-name=\"your-name\"><input size=\"40\" maxlength=\"400\" class=\"wpcf7-form-control wpcf7-text wpcf7-validates-as-required\" aria-required=\"true\" aria-invalid=\"false\" value=\"\" type=\"text\" name=\"your-name\" \/><\/span>\n\t\t\t<\/p>\n\t\t<\/div>\n\t\t<div class=\"column-half\">\n\t\t\t<h4><b>E-mail*<\/b>\n\t\t\t<\/h4>\n\t\t\t<p><span class=\"wpcf7-form-control-wrap\" data-name=\"your-email\"><input size=\"40\" maxlength=\"400\" class=\"wpcf7-form-control wpcf7-email wpcf7-validates-as-required wpcf7-text wpcf7-validates-as-email\" aria-required=\"true\" aria-invalid=\"false\" value=\"\" type=\"email\" name=\"your-email\" \/><\/span>\n\t\t\t<\/p>\n\t\t<\/div>\n\t<\/div>\n\t<div class=\"form-row\">\n\t\t<div class=\"column-half\">\n\t\t\t<h4><b>Cidade\/Estado*<\/b>\n\t\t\t<\/h4>\n\t\t\t<p><span class=\"wpcf7-form-control-wrap\" data-name=\"cidade\"><input size=\"40\" maxlength=\"400\" class=\"wpcf7-form-control wpcf7-text wpcf7-validates-as-required\" aria-required=\"true\" aria-invalid=\"false\" value=\"\" type=\"text\" name=\"cidade\" \/><\/span>\n\t\t\t<\/p>\n\t\t<\/div>\n\t\t<div class=\"column-half\">\n\t\t\t<h4><b>WhatsApp*<\/b>\n\t\t\t<\/h4>\n\t\t\t<p><span class=\"wpcf7-form-control-wrap\" data-name=\"Mobile\"><input size=\"40\" maxlength=\"400\" class=\"wpcf7-form-control wpcf7-text wpcf7-validates-as-required\" aria-required=\"true\" aria-invalid=\"false\" value=\"\" type=\"text\" name=\"Mobile\" \/><\/span>\n\t\t\t<\/p>\n\t\t<\/div>\n\t<\/div>\n\t<div class=\"form-row\">\n\t\t<div class=\"column-full\">\n\t\t\t<h4><b>Especializa\u00e7\u00e3o M\u00e9dica*<\/b>\n\t\t\t<\/h4>\n\t\t\t<p><span class=\"wpcf7-form-control-wrap\" data-name=\"especialidade\"><input size=\"40\" maxlength=\"400\" class=\"wpcf7-form-control wpcf7-text wpcf7-validates-as-required\" aria-required=\"true\" aria-invalid=\"false\" value=\"\" type=\"text\" name=\"especialidade\" \/><\/span>\n\t\t\t<\/p>\n\t\t<\/div>\n\t<\/div>\n\t<div class=\"form-row\">\n\t\t<div class=\"column-full\">\n\t\t\t<h4><b>Mensagem<\/b>\n\t\t\t<\/h4>\n\t\t\t<p><span class=\"wpcf7-form-control-wrap\" data-name=\"your-message\"><textarea cols=\"40\" rows=\"10\" maxlength=\"2000\" class=\"wpcf7-form-control wpcf7-textarea\" aria-invalid=\"false\" name=\"your-message\"><\/textarea><\/span>\n\t\t\t<\/p>\n\t\t<\/div>\n\t<\/div>\n\t<p><input type=\"hidden\" name=\"utm_campaign\" value=\"\" \/>\n\t<\/p>\n\t<p><input type=\"hidden\" name=\"utm_source\" value=\"\" \/>\n\t<\/p>\n\t<p><input type=\"hidden\" name=\"utm_medium\" value=\"\" \/>\n\t<\/p>\n\t<p><input type=\"hidden\" name=\"utm_term\" value=\"\" \/>\n\t<\/p>\n\t<p><input type=\"hidden\" name=\"utm_content\" value=\"\" \/>\n\t<\/p>\n\t<p><input type=\"hidden\" name=\"gclid\" value=\"\" \/>\n\t<\/p>\n<input class=\"wpcf7-form-control wpcf7-hidden\" value=\"\" type=\"hidden\" name=\"user_agent\" \/>\n\t<div class=\"form-row\">\n\t\t<div class=\"column-full\">\n\t\t\t<p><input class=\"wpcf7-form-control wpcf7-submit has-spinner\" type=\"submit\" value=\"Enviar Mensagem\" \/>\n\t\t\t<\/p>\n\t\t<\/div>\n\t<\/div>\n\t<p><span id=\"wpcf7-69f7356575b16-wrapper\" class=\"wpcf7-form-control-wrap remspamteste-763-wrap\" style=\"display:none !important; visibility:hidden !important;\"><label for=\"wpcf7-69f7356575b16-field\" class=\"hp-message\">Please leave this field empty.<\/label><input id=\"wpcf7-69f7356575b16-field\"  class=\"wpcf7-form-control wpcf7-text\" type=\"text\" name=\"remspamteste-763\" value=\"\" size=\"40\" tabindex=\"-1\" autocomplete=\"new-password\" \/><\/span>\n\t<\/p>\n<\/div><!--end responsive-form--><\/div><div class=\"wpcf7-response-output\" aria-hidden=\"true\"><\/div>\n<\/form>\n<\/div>\n<\/div>\r\n\t<\/div>\r\n\r\n\r\n\t\t\r\n\r\n<\/div>\r\n<\/div>\n\n\t<\/div>\r\n<\/section>\n","protected":false},"excerpt":{"rendered":"<p>Solicite um Or\u00e7amento Preencha o formul\u00e1rio para receber a apresenta\u00e7\u00e3o de nossos equipamentos bem como tirar todas as suas d\u00favidas. Solicite um Or\u00e7amento Nome* E-mail* Cidade\/Estado* WhatsApp* Especializa\u00e7\u00e3o M\u00e9dica* Mensagem Please leave this field empty. Solicite um Or\u00e7amento Preencha o formul\u00e1rio para receber a apresenta\u00e7\u00e3o&#8230;<\/p>\n","protected":false},"author":1,"featured_media":0,"parent":0,"menu_order":0,"comment_status":"closed","ping_status":"closed","template":"","meta":{"footnotes":""},"class_list":["post-714","page","type-page","status-publish","hentry"],"yoast_head":"<!-- This site is optimized with the Yoast SEO plugin v26.7 - https:\/\/yoast.com\/wordpress\/plugins\/seo\/ -->\n<title>Contato - Clarius<\/title>\n<meta name=\"robots\" content=\"index, follow, max-snippet:-1, max-image-preview:large, max-video-preview:-1\" \/>\n<link rel=\"canonical\" href=\"https:\/\/mobissom.com.br\/clarius\/contato\/\" \/>\n<meta property=\"og:locale\" content=\"pt_BR\" \/>\n<meta property=\"og:type\" content=\"article\" \/>\n<meta property=\"og:title\" content=\"Contato - Clarius\" \/>\n<meta property=\"og:description\" content=\"Solicite um Or\u00e7amento Preencha o formul\u00e1rio para receber a apresenta\u00e7\u00e3o de nossos equipamentos bem como tirar todas as suas d\u00favidas. Solicite um Or\u00e7amento Nome* E-mail* Cidade\/Estado* WhatsApp* Especializa\u00e7\u00e3o M\u00e9dica* Mensagem Please leave this field empty. Solicite um Or\u00e7amento Preencha o formul\u00e1rio para receber a apresenta\u00e7\u00e3o...\" \/>\n<meta property=\"og:url\" content=\"https:\/\/mobissom.com.br\/clarius\/contato\/\" \/>\n<meta property=\"og:site_name\" content=\"Clarius\" \/>\n<meta property=\"article:modified_time\" content=\"2022-04-01T08:07:11+00:00\" \/>\n<meta name=\"twitter:card\" content=\"summary_large_image\" \/>\n<meta name=\"twitter:label1\" content=\"Est. tempo de leitura\" \/>\n\t<meta name=\"twitter:data1\" content=\"1 minuto\" \/>\n<script type=\"application\/ld+json\" class=\"yoast-schema-graph\">{\"@context\":\"https:\/\/schema.org\",\"@graph\":[{\"@type\":\"WebPage\",\"@id\":\"https:\/\/mobissom.com.br\/clarius\/contato\/\",\"url\":\"https:\/\/mobissom.com.br\/clarius\/contato\/\",\"name\":\"Contato - Clarius\",\"isPartOf\":{\"@id\":\"https:\/\/mobissom.com.br\/clarius\/#website\"},\"datePublished\":\"2022-04-01T03:37:32+00:00\",\"dateModified\":\"2022-04-01T08:07:11+00:00\",\"breadcrumb\":{\"@id\":\"https:\/\/mobissom.com.br\/clarius\/contato\/#breadcrumb\"},\"inLanguage\":\"pt-BR\",\"potentialAction\":[{\"@type\":\"ReadAction\",\"target\":[\"https:\/\/mobissom.com.br\/clarius\/contato\/\"]}]},{\"@type\":\"BreadcrumbList\",\"@id\":\"https:\/\/mobissom.com.br\/clarius\/contato\/#breadcrumb\",\"itemListElement\":[{\"@type\":\"ListItem\",\"position\":1,\"name\":\"In\u00edcio\",\"item\":\"https:\/\/mobissom.com.br\/clarius\/\"},{\"@type\":\"ListItem\",\"position\":2,\"name\":\"Contato\"}]},{\"@type\":\"WebSite\",\"@id\":\"https:\/\/mobissom.com.br\/clarius\/#website\",\"url\":\"https:\/\/mobissom.com.br\/clarius\/\",\"name\":\"Clarius\",\"description\":\"Ultrassom Port\u00e1til de M\u00e3o e Sem Fio | Transdutores de Ultrassom\",\"publisher\":{\"@id\":\"https:\/\/mobissom.com.br\/clarius\/#organization\"},\"potentialAction\":[{\"@type\":\"SearchAction\",\"target\":{\"@type\":\"EntryPoint\",\"urlTemplate\":\"https:\/\/mobissom.com.br\/clarius\/?s={search_term_string}\"},\"query-input\":{\"@type\":\"PropertyValueSpecification\",\"valueRequired\":true,\"valueName\":\"search_term_string\"}}],\"inLanguage\":\"pt-BR\"},{\"@type\":\"Organization\",\"@id\":\"https:\/\/mobissom.com.br\/clarius\/#organization\",\"name\":\"Clarius por Mobissom\",\"url\":\"https:\/\/mobissom.com.br\/clarius\/\",\"logo\":{\"@type\":\"ImageObject\",\"inLanguage\":\"pt-BR\",\"@id\":\"https:\/\/mobissom.com.br\/clarius\/#\/schema\/logo\/image\/\",\"url\":\"https:\/\/mobissom.com.br\/clarius\/wp-content\/uploads\/2022\/04\/Clarius-by-Mobissom-PNG-preto.png\",\"contentUrl\":\"https:\/\/mobissom.com.br\/clarius\/wp-content\/uploads\/2022\/04\/Clarius-by-Mobissom-PNG-preto.png\",\"width\":859,\"height\":250,\"caption\":\"Clarius por Mobissom\"},\"image\":{\"@id\":\"https:\/\/mobissom.com.br\/clarius\/#\/schema\/logo\/image\/\"}}]}<\/script>\n<!-- \/ Yoast SEO plugin. -->","yoast_head_json":{"title":"Contato - Clarius","robots":{"index":"index","follow":"follow","max-snippet":"max-snippet:-1","max-image-preview":"max-image-preview:large","max-video-preview":"max-video-preview:-1"},"canonical":"https:\/\/mobissom.com.br\/clarius\/contato\/","og_locale":"pt_BR","og_type":"article","og_title":"Contato - Clarius","og_description":"Solicite um Or\u00e7amento Preencha o formul\u00e1rio para receber a apresenta\u00e7\u00e3o de nossos equipamentos bem como tirar todas as suas d\u00favidas. Solicite um Or\u00e7amento Nome* E-mail* Cidade\/Estado* WhatsApp* Especializa\u00e7\u00e3o M\u00e9dica* Mensagem Please leave this field empty. Solicite um Or\u00e7amento Preencha o formul\u00e1rio para receber a apresenta\u00e7\u00e3o...","og_url":"https:\/\/mobissom.com.br\/clarius\/contato\/","og_site_name":"Clarius","article_modified_time":"2022-04-01T08:07:11+00:00","twitter_card":"summary_large_image","twitter_misc":{"Est. tempo de leitura":"1 minuto"},"schema":{"@context":"https:\/\/schema.org","@graph":[{"@type":"WebPage","@id":"https:\/\/mobissom.com.br\/clarius\/contato\/","url":"https:\/\/mobissom.com.br\/clarius\/contato\/","name":"Contato - Clarius","isPartOf":{"@id":"https:\/\/mobissom.com.br\/clarius\/#website"},"datePublished":"2022-04-01T03:37:32+00:00","dateModified":"2022-04-01T08:07:11+00:00","breadcrumb":{"@id":"https:\/\/mobissom.com.br\/clarius\/contato\/#breadcrumb"},"inLanguage":"pt-BR","potentialAction":[{"@type":"ReadAction","target":["https:\/\/mobissom.com.br\/clarius\/contato\/"]}]},{"@type":"BreadcrumbList","@id":"https:\/\/mobissom.com.br\/clarius\/contato\/#breadcrumb","itemListElement":[{"@type":"ListItem","position":1,"name":"In\u00edcio","item":"https:\/\/mobissom.com.br\/clarius\/"},{"@type":"ListItem","position":2,"name":"Contato"}]},{"@type":"WebSite","@id":"https:\/\/mobissom.com.br\/clarius\/#website","url":"https:\/\/mobissom.com.br\/clarius\/","name":"Clarius","description":"Ultrassom Port\u00e1til de M\u00e3o e Sem Fio | Transdutores de Ultrassom","publisher":{"@id":"https:\/\/mobissom.com.br\/clarius\/#organization"},"potentialAction":[{"@type":"SearchAction","target":{"@type":"EntryPoint","urlTemplate":"https:\/\/mobissom.com.br\/clarius\/?s={search_term_string}"},"query-input":{"@type":"PropertyValueSpecification","valueRequired":true,"valueName":"search_term_string"}}],"inLanguage":"pt-BR"},{"@type":"Organization","@id":"https:\/\/mobissom.com.br\/clarius\/#organization","name":"Clarius por Mobissom","url":"https:\/\/mobissom.com.br\/clarius\/","logo":{"@type":"ImageObject","inLanguage":"pt-BR","@id":"https:\/\/mobissom.com.br\/clarius\/#\/schema\/logo\/image\/","url":"https:\/\/mobissom.com.br\/clarius\/wp-content\/uploads\/2022\/04\/Clarius-by-Mobissom-PNG-preto.png","contentUrl":"https:\/\/mobissom.com.br\/clarius\/wp-content\/uploads\/2022\/04\/Clarius-by-Mobissom-PNG-preto.png","width":859,"height":250,"caption":"Clarius por Mobissom"},"image":{"@id":"https:\/\/mobissom.com.br\/clarius\/#\/schema\/logo\/image\/"}}]}},"_links":{"self":[{"href":"https:\/\/mobissom.com.br\/clarius\/wp-json\/wp\/v2\/pages\/714","targetHints":{"allow":["GET"]}}],"collection":[{"href":"https:\/\/mobissom.com.br\/clarius\/wp-json\/wp\/v2\/pages"}],"about":[{"href":"https:\/\/mobissom.com.br\/clarius\/wp-json\/wp\/v2\/types\/page"}],"author":[{"embeddable":true,"href":"https:\/\/mobissom.com.br\/clarius\/wp-json\/wp\/v2\/users\/1"}],"replies":[{"embeddable":true,"href":"https:\/\/mobissom.com.br\/clarius\/wp-json\/wp\/v2\/comments?post=714"}],"version-history":[{"count":14,"href":"https:\/\/mobissom.com.br\/clarius\/wp-json\/wp\/v2\/pages\/714\/revisions"}],"predecessor-version":[{"id":868,"href":"https:\/\/mobissom.com.br\/clarius\/wp-json\/wp\/v2\/pages\/714\/revisions\/868"}],"wp:attachment":[{"href":"https:\/\/mobissom.com.br\/clarius\/wp-json\/wp\/v2\/media?parent=714"}],"curies":[{"name":"wp","href":"https:\/\/api.w.org\/{rel}","templated":true}]}}